{"id":4922,"date":"2024-12-22T15:13:36","date_gmt":"2024-12-22T12:13:36","guid":{"rendered":"https:\/\/menalo.com.tr\/?page_id=4922"},"modified":"2024-12-22T17:19:34","modified_gmt":"2024-12-22T14:19:34","slug":"rooms","status":"publish","type":"page","link":"http:\/\/menalo.com.tr\/en\/rooms\/","title":{"rendered":"Rooms"},"content":{"rendered":"<div data-elementor-type=\"wp-page\" data-elementor-id=\"4922\" class=\"elementor elementor-4922\">\n\t\t\t\t<div class=\"elementor-element elementor-element-fad07c4 e-flex e-con-boxed e-con e-parent\" data-id=\"fad07c4\" data-element_type=\"container\">\n\t\t\t\t\t<div class=\"e-con-inner\">\n\t\t\t\t\t<\/div>\n\t\t\t\t<\/div>\n\t\t\t\t<section class=\"elementor-section elementor-top-section elementor-element elementor-element-14857b7 elementor-section-boxed elementor-section-height-default elementor-section-height-default\" data-id=\"14857b7\" data-element_type=\"section\">\n\t\t\t\t\t\t<div class=\"elementor-container elementor-column-gap-default\">\n\t\t\t\t\t<div class=\"elementor-column elementor-col-100 elementor-top-column elementor-element elementor-element-177d28d\" data-id=\"177d28d\" data-element_type=\"column\">\n\t\t\t<div class=\"elementor-widget-wrap elementor-element-populated\">\n\t\t\t\t\t\t<div class=\"elementor-element elementor-element-9d09fe1 elementor-widget elementor-widget-ovabrw_room_grid\" data-id=\"9d09fe1\" data-element_type=\"widget\" data-widget_type=\"ovabrw_room_grid.default\">\n\t\t\t\t<div class=\"elementor-widget-container\">\n\t\t\t\t\t\n<div class=\"ovabrw-room-grid\">\n\t\t\t<div class=\"room-grid column_3\">\n\t\t\t\t\t\t\t\t\t\t\t<div class=\"room-grid-content\">\n\t\t\t\t\t\t\t\t\t\t\t<a href=\"http:\/\/menalo.com.tr\/en\/product\/superior-room-1\/\" class=\"image\" title=\"Superior Room\">\n\t\t\t\t\t\t\t<img fetchpriority=\"high\" decoding=\"async\" width=\"768\" height=\"571\" src=\"http:\/\/menalo.com.tr\/wp-content\/uploads\/2023\/08\/oda-17-768x571.png\" class=\"attachment-qomfort_thumbnail size-qomfort_thumbnail wp-post-image\" alt=\"\" \/>\t\t\t\t\t\t<\/a>\n\t\t\t\t\t\t\t\t\t\t<div class=\"content\">\n\t\t\t\t\t\t<h3 class=\"title\">\n\t\t\t\t\t\t\t<a href=\"http:\/\/menalo.com.tr\/en\/product\/superior-room-1\/\"\n\t\t\t\t\t\t\t\ttitle=\"Superior Room\">\n\t\t\t\t\t\t\t\tSuperior Room\t\t\t\t\t\t\t<\/a>\n\t\t\t\t\t\t<\/h3>\n\t\t\t\t\t\t<ul class=\"meta\">\n\t\t\t\t\t\t\t\t\t\t\t\t\t\t\t\t\t\t\t\t\t\t\t\t\t\t\t\t\t\t\t\t\t\t\t\t\t\t\t\t\t\t\t\t\t\t\t\t<\/ul>\n\t\t\t\t\t\t\t\t\t\t\t\t\t<p class=\"short-desc\">Muhte\u015fem bah\u00e7e manzaras\u0131na sahip 30 m\u00b2 b\u00fcy\u00fckl\u00fc\u011f\u00fcndeki bu odada 1 adet \u00e7ift..<\/p>\n\t\t\t\t\t\t\t\t\t\t\t\t\t\t\t\t\t\t\t<div class=\"price\">\n\t\t\t\t\t\t\t\t<span class=\"text\">From <\/span>\n\t\t\t\t\t\t\t\t<span class=\"number\"><span class=\"woocommerce-Price-amount amount\"><bdi><span class=\"woocommerce-Price-currencySymbol\">&#36;<\/span>69.00<\/bdi><\/span><\/span>\n\t\t\t\t\t\t\t\t<span class=\"text\">\/per night<\/span>\n\t\t\t\t\t\t\t<\/div>\n\t\t\t\t\t\t\t\t\t\t\t<\/div>\n\t\t\t\t\t<a href=\"http:\/\/menalo.com.tr\/en\/product\/superior-room-1\/\" class=\"btn_link\" title=\"Book Now\">\n\t\t\t\t\t\tBook Now\t\t\t\t\t\t<i class=\"fas fa-angle-right\" aria-hidden=\"true\"><\/i>\n\t\t\t\t\t<\/a>\n\t\t\t\t<\/div>\n\t\t\t\t\t\t\t\t\t\t\t<div class=\"room-grid-content\">\n\t\t\t\t\t\t\t\t\t\t\t<a href=\"http:\/\/menalo.com.tr\/en\/product\/standard-room\/\" class=\"image\" title=\"Standard Room\">\n\t\t\t\t\t\t\t<img decoding=\"async\" width=\"768\" height=\"660\" src=\"http:\/\/menalo.com.tr\/wp-content\/uploads\/2024\/06\/Standart-3-sng-2-768x660.jpg\" class=\"attachment-qomfort_thumbnail size-qomfort_thumbnail wp-post-image\" alt=\"\" \/>\t\t\t\t\t\t<\/a>\n\t\t\t\t\t\t\t\t\t\t<div class=\"content\">\n\t\t\t\t\t\t<h3 class=\"title\">\n\t\t\t\t\t\t\t<a href=\"http:\/\/menalo.com.tr\/en\/product\/standard-room\/\"\n\t\t\t\t\t\t\t\ttitle=\"Standard Room\">\n\t\t\t\t\t\t\t\tStandard Room\t\t\t\t\t\t\t<\/a>\n\t\t\t\t\t\t<\/h3>\n\t\t\t\t\t\t<ul class=\"meta\">\n\t\t\t\t\t\t\t\t\t\t\t\t\t\t\t\t\t\t\t\t\t\t\t\t\t\t\t\t\t\t\t\t\t\t\t\t\t\t\t\t\t\t\t\t\t\t\t\t<\/ul>\n\t\t\t\t\t\t\t\t\t\t\t\t\t<p class=\"short-desc\">This 30 m\u00b2 room with a beautiful garden view offers 3 single..<\/p>\n\t\t\t\t\t\t\t\t\t\t\t\t\t\t\t\t\t\t\t<div class=\"price\">\n\t\t\t\t\t\t\t\t<span class=\"text\">From <\/span>\n\t\t\t\t\t\t\t\t<span class=\"number\"><span class=\"woocommerce-Price-amount amount\"><bdi><span class=\"woocommerce-Price-currencySymbol\">&#36;<\/span>69.00<\/bdi><\/span><\/span>\n\t\t\t\t\t\t\t\t<span class=\"text\">\/per night<\/span>\n\t\t\t\t\t\t\t<\/div>\n\t\t\t\t\t\t\t\t\t\t\t<\/div>\n\t\t\t\t\t<a href=\"http:\/\/menalo.com.tr\/en\/product\/standard-room\/\" class=\"btn_link\" title=\"Book Now\">\n\t\t\t\t\t\tBook Now\t\t\t\t\t\t<i class=\"fas fa-angle-right\" aria-hidden=\"true\"><\/i>\n\t\t\t\t\t<\/a>\n\t\t\t\t<\/div>\n\t\t\t\t\t\t\t\t\t\t\t<div class=\"room-grid-content\">\n\t\t\t\t\t\t\t\t\t\t\t<a href=\"http:\/\/menalo.com.tr\/en\/product\/standard-panoramic-room\/\" class=\"image\" title=\"Standard Panoramic Room\">\n\t\t\t\t\t\t\t<img decoding=\"async\" width=\"768\" height=\"660\" src=\"http:\/\/menalo.com.tr\/wp-content\/uploads\/2024\/06\/standart-2-768x660.jpg\" class=\"attachment-qomfort_thumbnail size-qomfort_thumbnail wp-post-image\" alt=\"\" \/>\t\t\t\t\t\t<\/a>\n\t\t\t\t\t\t\t\t\t\t<div class=\"content\">\n\t\t\t\t\t\t<h3 class=\"title\">\n\t\t\t\t\t\t\t<a href=\"http:\/\/menalo.com.tr\/en\/product\/standard-panoramic-room\/\"\n\t\t\t\t\t\t\t\ttitle=\"Standard Panoramic Room\">\n\t\t\t\t\t\t\t\tStandard Panoramic Room\t\t\t\t\t\t\t<\/a>\n\t\t\t\t\t\t<\/h3>\n\t\t\t\t\t\t<ul class=\"meta\">\n\t\t\t\t\t\t\t\t\t\t\t\t\t\t\t\t\t\t\t\t\t\t\t\t\t\t\t\t\t\t\t\t\t\t\t\t\t\t\t\t\t\t\t\t\t\t\t\t<\/ul>\n\t\t\t\t\t\t\t\t\t\t\t\t\t<p class=\"short-desc\">This 30 m\u00b2 room with panoramic garden view has 1 double king..<\/p>\n\t\t\t\t\t\t\t\t\t\t\t\t\t\t\t\t\t\t\t<div class=\"price\">\n\t\t\t\t\t\t\t\t<span class=\"text\">From <\/span>\n\t\t\t\t\t\t\t\t<span class=\"number\"><span class=\"woocommerce-Price-amount amount\"><bdi><span class=\"woocommerce-Price-currencySymbol\">&#36;<\/span>69.00<\/bdi><\/span><\/span>\n\t\t\t\t\t\t\t\t<span class=\"text\">\/per night<\/span>\n\t\t\t\t\t\t\t<\/div>\n\t\t\t\t\t\t\t\t\t\t\t<\/div>\n\t\t\t\t\t<a href=\"http:\/\/menalo.com.tr\/en\/product\/standard-panoramic-room\/\" class=\"btn_link\" title=\"Book Now\">\n\t\t\t\t\t\tBook Now\t\t\t\t\t\t<i class=\"fas fa-angle-right\" aria-hidden=\"true\"><\/i>\n\t\t\t\t\t<\/a>\n\t\t\t\t<\/div>\n\t\t\t\t\t\t\t\t\t\t\t<div class=\"room-grid-content\">\n\t\t\t\t\t\t\t\t\t\t\t<a href=\"http:\/\/menalo.com.tr\/en\/product\/junior-suite-room\/\" class=\"image\" title=\"Junior Suite Room\">\n\t\t\t\t\t\t\t<img loading=\"lazy\" decoding=\"async\" width=\"768\" height=\"660\" src=\"http:\/\/menalo.com.tr\/wp-content\/uploads\/2024\/06\/oda-14-768x660.jpg\" class=\"attachment-qomfort_thumbnail size-qomfort_thumbnail wp-post-image\" alt=\"\" \/>\t\t\t\t\t\t<\/a>\n\t\t\t\t\t\t\t\t\t\t<div class=\"content\">\n\t\t\t\t\t\t<h3 class=\"title\">\n\t\t\t\t\t\t\t<a href=\"http:\/\/menalo.com.tr\/en\/product\/junior-suite-room\/\"\n\t\t\t\t\t\t\t\ttitle=\"Junior Suite Room\">\n\t\t\t\t\t\t\t\tJunior Suite Room\t\t\t\t\t\t\t<\/a>\n\t\t\t\t\t\t<\/h3>\n\t\t\t\t\t\t<ul class=\"meta\">\n\t\t\t\t\t\t\t\t\t\t\t\t\t\t\t\t\t\t\t\t\t\t\t\t\t\t\t\t\t\t\t\t\t\t\t\t\t\t\t\t\t\t\t\t\t\t\t\t<\/ul>\n\t\t\t\t\t\t\t\t\t\t\t\t\t<p class=\"short-desc\">This room has a beautiful garden view and is 30 m\u00b2 in..<\/p>\n\t\t\t\t\t\t\t\t\t\t\t\t\t\t\t\t\t\t\t<div class=\"price\">\n\t\t\t\t\t\t\t\t<span class=\"text\">From <\/span>\n\t\t\t\t\t\t\t\t<span class=\"number\"><span class=\"woocommerce-Price-amount amount\"><bdi><span class=\"woocommerce-Price-currencySymbol\">&#36;<\/span>69.00<\/bdi><\/span><\/span>\n\t\t\t\t\t\t\t\t<span class=\"text\">\/per night<\/span>\n\t\t\t\t\t\t\t<\/div>\n\t\t\t\t\t\t\t\t\t\t\t<\/div>\n\t\t\t\t\t<a href=\"http:\/\/menalo.com.tr\/en\/product\/junior-suite-room\/\" class=\"btn_link\" title=\"Book Now\">\n\t\t\t\t\t\tBook Now\t\t\t\t\t\t<i class=\"fas fa-angle-right\" aria-hidden=\"true\"><\/i>\n\t\t\t\t\t<\/a>\n\t\t\t\t<\/div>\n\t\t\t\t\t\t\t\t\t\t\t<div class=\"room-grid-content\">\n\t\t\t\t\t\t\t\t\t\t\t<a href=\"http:\/\/menalo.com.tr\/en\/product\/junior-suite-panoramic-room\/\" class=\"image\" title=\"Junior Suite Panoramic Room\">\n\t\t\t\t\t\t\t<img loading=\"lazy\" decoding=\"async\" width=\"768\" height=\"660\" src=\"http:\/\/menalo.com.tr\/wp-content\/uploads\/2024\/06\/oda-3-768x660.jpg\" class=\"attachment-qomfort_thumbnail size-qomfort_thumbnail wp-post-image\" alt=\"\" \/>\t\t\t\t\t\t<\/a>\n\t\t\t\t\t\t\t\t\t\t<div class=\"content\">\n\t\t\t\t\t\t<h3 class=\"title\">\n\t\t\t\t\t\t\t<a href=\"http:\/\/menalo.com.tr\/en\/product\/junior-suite-panoramic-room\/\"\n\t\t\t\t\t\t\t\ttitle=\"Junior Suite Panoramic Room\">\n\t\t\t\t\t\t\t\tJunior Suite Panoramic Room\t\t\t\t\t\t\t<\/a>\n\t\t\t\t\t\t<\/h3>\n\t\t\t\t\t\t<ul class=\"meta\">\n\t\t\t\t\t\t\t\t\t\t\t\t\t\t\t\t\t\t\t\t\t\t\t\t\t\t\t\t\t\t\t\t\t\t\t\t\t\t\t\t\t\t\t\t\t\t\t\t<\/ul>\n\t\t\t\t\t\t\t\t\t\t\t\t\t<p class=\"short-desc\">This room with panoramic views has an area of 30 m\u00b2 and..<\/p>\n\t\t\t\t\t\t\t\t\t\t\t\t\t\t\t\t\t\t\t<div class=\"price\">\n\t\t\t\t\t\t\t\t<span class=\"text\">From <\/span>\n\t\t\t\t\t\t\t\t<span class=\"number\"><span class=\"woocommerce-Price-amount amount\"><bdi><span class=\"woocommerce-Price-currencySymbol\">&#36;<\/span>69.00<\/bdi><\/span><\/span>\n\t\t\t\t\t\t\t\t<span class=\"text\">\/per night<\/span>\n\t\t\t\t\t\t\t<\/div>\n\t\t\t\t\t\t\t\t\t\t\t<\/div>\n\t\t\t\t\t<a href=\"http:\/\/menalo.com.tr\/en\/product\/junior-suite-panoramic-room\/\" class=\"btn_link\" title=\"Book Now\">\n\t\t\t\t\t\tBook Now\t\t\t\t\t\t<i class=\"fas fa-angle-right\" aria-hidden=\"true\"><\/i>\n\t\t\t\t\t<\/a>\n\t\t\t\t<\/div>\n\t\t\t\t\t<\/div>\n\t<\/div>\t\t\t\t\t\t<\/div>\n\t\t\t\t<\/div>\n\t\t\t\t\t<\/div>\n\t\t<\/div>\n\t\t\t\t\t<\/div>\n\t\t<\/section>\n\t\t\t\t<\/div>","protected":false},"excerpt":{"rendered":"<p>Superior Room This 30 m\u00b2 room with a beautiful garden view has 1 double.. From &#36;69.00 \/per night Book Now Superior Oda G\u00fczel bah\u00e7e manzaral\u0131 30 m\u00b2 alana sahip bu odam\u0131zda 1 \u00e7ift ki\u015filik.. From &#36;69.00 \/per night Book Now Standart Panaromik Oda Panaromik bah\u00e7e manzaral\u0131 30 m\u00b2alana sahip bu odam\u0131z , 1 \u00e7ift ki\u015filik.. [&hellip;]<\/p>","protected":false},"author":1,"featured_media":0,"parent":0,"menu_order":0,"comment_status":"closed","ping_status":"closed","template":"elementor_header_footer","meta":{"inline_featured_image":false,"footnotes":""},"class_list":["post-4922","page","type-page","status-publish","hentry"],"yoast_head":"<!-- This site is optimized with the Yoast SEO plugin v26.2 - https:\/\/yoast.com\/wordpress\/plugins\/seo\/ -->\n<title>Rooms - Menalo Otel<\/title>\n<meta name=\"robots\" content=\"index, follow, max-snippet:-1, max-image-preview:large, max-video-preview:-1\" \/>\n<link rel=\"canonical\" href=\"http:\/\/menalo.com.tr\/en\/rooms\/\" \/>\n<meta property=\"og:locale\" content=\"en_US\" \/>\n<meta property=\"og:type\" content=\"article\" \/>\n<meta property=\"og:title\" content=\"Rooms - Menalo Otel\" \/>\n<meta property=\"og:description\" content=\"Superior Room This 30 m\u00b2 room with a beautiful garden view has 1 double.. From &#036;69.00 \/per night Book Now Superior Oda G\u00fczel bah\u00e7e manzaral\u0131 30 m\u00b2 alana sahip bu odam\u0131zda 1 \u00e7ift ki\u015filik.. From &#036;69.00 \/per night Book Now Standart Panaromik Oda Panaromik bah\u00e7e manzaral\u0131 30 m\u00b2alana sahip bu odam\u0131z , 1 \u00e7ift ki\u015filik.. [&hellip;]\" \/>\n<meta property=\"og:url\" content=\"http:\/\/menalo.com.tr\/en\/rooms\/\" \/>\n<meta property=\"og:site_name\" content=\"Menalo Otel\" \/>\n<meta property=\"article:publisher\" content=\"https:\/\/www.facebook.com\/people\/Menalo-Hotel-Premium\/\" \/>\n<meta property=\"article:modified_time\" content=\"2024-12-22T14:19:34+00:00\" \/>\n<meta property=\"og:image\" content=\"http:\/\/menalo.com.tr\/wp-content\/uploads\/2023\/08\/oda-17-768x571.png\" \/>\n<meta name=\"twitter:card\" content=\"summary_large_image\" \/>\n<meta name=\"twitter:label1\" content=\"Est. reading time\" \/>\n\t<meta name=\"twitter:data1\" content=\"1 minute\" \/>\n<script type=\"application\/ld+json\" class=\"yoast-schema-graph\">{\"@context\":\"https:\/\/schema.org\",\"@graph\":[{\"@type\":\"WebPage\",\"@id\":\"http:\/\/menalo.com.tr\/en\/rooms\/\",\"url\":\"http:\/\/menalo.com.tr\/en\/rooms\/\",\"name\":\"Rooms - Menalo Otel\",\"isPartOf\":{\"@id\":\"http:\/\/menalo.com.tr\/en\/#website\"},\"primaryImageOfPage\":{\"@id\":\"http:\/\/menalo.com.tr\/en\/rooms\/#primaryimage\"},\"image\":{\"@id\":\"http:\/\/menalo.com.tr\/en\/rooms\/#primaryimage\"},\"thumbnailUrl\":\"http:\/\/menalo.com.tr\/wp-content\/uploads\/2023\/08\/oda-17-768x571.png\",\"datePublished\":\"2024-12-22T12:13:36+00:00\",\"dateModified\":\"2024-12-22T14:19:34+00:00\",\"breadcrumb\":{\"@id\":\"http:\/\/menalo.com.tr\/en\/rooms\/#breadcrumb\"},\"inLanguage\":\"en-US\",\"potentialAction\":[{\"@type\":\"ReadAction\",\"target\":[\"http:\/\/menalo.com.tr\/en\/rooms\/\"]}]},{\"@type\":\"ImageObject\",\"inLanguage\":\"en-US\",\"@id\":\"http:\/\/menalo.com.tr\/en\/rooms\/#primaryimage\",\"url\":\"http:\/\/menalo.com.tr\/wp-content\/uploads\/2023\/08\/oda-17-768x571.png\",\"contentUrl\":\"http:\/\/menalo.com.tr\/wp-content\/uploads\/2023\/08\/oda-17-768x571.png\"},{\"@type\":\"BreadcrumbList\",\"@id\":\"http:\/\/menalo.com.tr\/en\/rooms\/#breadcrumb\",\"itemListElement\":[{\"@type\":\"ListItem\",\"position\":1,\"name\":\"Anasayfa\",\"item\":\"https:\/\/menalo.com.tr\/\"},{\"@type\":\"ListItem\",\"position\":2,\"name\":\"Rooms\"}]},{\"@type\":\"WebSite\",\"@id\":\"http:\/\/menalo.com.tr\/en\/#website\",\"url\":\"http:\/\/menalo.com.tr\/en\/\",\"name\":\"Menalo Otel\",\"description\":\"Istanbul Airport Hotel\",\"publisher\":{\"@id\":\"http:\/\/menalo.com.tr\/en\/#organization\"},\"potentialAction\":[{\"@type\":\"SearchAction\",\"target\":{\"@type\":\"EntryPoint\",\"urlTemplate\":\"http:\/\/menalo.com.tr\/en\/?s={search_term_string}\"},\"query-input\":{\"@type\":\"PropertyValueSpecification\",\"valueRequired\":true,\"valueName\":\"search_term_string\"}}],\"inLanguage\":\"en-US\"},{\"@type\":\"Organization\",\"@id\":\"http:\/\/menalo.com.tr\/en\/#organization\",\"name\":\"L\u00fcks Konaklama\",\"url\":\"http:\/\/menalo.com.tr\/en\/\",\"logo\":{\"@type\":\"ImageObject\",\"inLanguage\":\"en-US\",\"@id\":\"http:\/\/menalo.com.tr\/en\/#\/schema\/logo\/image\/\",\"url\":\"http:\/\/menalo.com.tr\/wp-content\/uploads\/2024\/06\/menalo-istanbul-havalimani-transfer-oteli.jpg\",\"contentUrl\":\"http:\/\/menalo.com.tr\/wp-content\/uploads\/2024\/06\/menalo-istanbul-havalimani-transfer-oteli.jpg\",\"width\":156,\"height\":156,\"caption\":\"L\u00fcks Konaklama\"},\"image\":{\"@id\":\"http:\/\/menalo.com.tr\/en\/#\/schema\/logo\/image\/\"},\"sameAs\":[\"https:\/\/www.facebook.com\/people\/Menalo-Hotel-Premium\/\",\"https:\/\/www.instagram.com\/menalo.hotels\/\"]}]}<\/script>\n<!-- \/ Yoast SEO plugin. -->","yoast_head_json":{"title":"Rooms - Menalo Otel","robots":{"index":"index","follow":"follow","max-snippet":"max-snippet:-1","max-image-preview":"max-image-preview:large","max-video-preview":"max-video-preview:-1"},"canonical":"http:\/\/menalo.com.tr\/en\/rooms\/","og_locale":"en_US","og_type":"article","og_title":"Rooms - Menalo Otel","og_description":"Superior Room This 30 m\u00b2 room with a beautiful garden view has 1 double.. From &#36;69.00 \/per night Book Now Superior Oda G\u00fczel bah\u00e7e manzaral\u0131 30 m\u00b2 alana sahip bu odam\u0131zda 1 \u00e7ift ki\u015filik.. From &#36;69.00 \/per night Book Now Standart Panaromik Oda Panaromik bah\u00e7e manzaral\u0131 30 m\u00b2alana sahip bu odam\u0131z , 1 \u00e7ift ki\u015filik.. [&hellip;]","og_url":"http:\/\/menalo.com.tr\/en\/rooms\/","og_site_name":"Menalo Otel","article_publisher":"https:\/\/www.facebook.com\/people\/Menalo-Hotel-Premium\/","article_modified_time":"2024-12-22T14:19:34+00:00","og_image":[{"url":"http:\/\/menalo.com.tr\/wp-content\/uploads\/2023\/08\/oda-17-768x571.png","type":"","width":"","height":""}],"twitter_card":"summary_large_image","twitter_misc":{"Est. reading time":"1 minute"},"schema":{"@context":"https:\/\/schema.org","@graph":[{"@type":"WebPage","@id":"http:\/\/menalo.com.tr\/en\/rooms\/","url":"http:\/\/menalo.com.tr\/en\/rooms\/","name":"Rooms - Menalo Otel","isPartOf":{"@id":"http:\/\/menalo.com.tr\/en\/#website"},"primaryImageOfPage":{"@id":"http:\/\/menalo.com.tr\/en\/rooms\/#primaryimage"},"image":{"@id":"http:\/\/menalo.com.tr\/en\/rooms\/#primaryimage"},"thumbnailUrl":"http:\/\/menalo.com.tr\/wp-content\/uploads\/2023\/08\/oda-17-768x571.png","datePublished":"2024-12-22T12:13:36+00:00","dateModified":"2024-12-22T14:19:34+00:00","breadcrumb":{"@id":"http:\/\/menalo.com.tr\/en\/rooms\/#breadcrumb"},"inLanguage":"en-US","potentialAction":[{"@type":"ReadAction","target":["http:\/\/menalo.com.tr\/en\/rooms\/"]}]},{"@type":"ImageObject","inLanguage":"en-US","@id":"http:\/\/menalo.com.tr\/en\/rooms\/#primaryimage","url":"http:\/\/menalo.com.tr\/wp-content\/uploads\/2023\/08\/oda-17-768x571.png","contentUrl":"http:\/\/menalo.com.tr\/wp-content\/uploads\/2023\/08\/oda-17-768x571.png"},{"@type":"BreadcrumbList","@id":"http:\/\/menalo.com.tr\/en\/rooms\/#breadcrumb","itemListElement":[{"@type":"ListItem","position":1,"name":"Anasayfa","item":"https:\/\/menalo.com.tr\/"},{"@type":"ListItem","position":2,"name":"Rooms"}]},{"@type":"WebSite","@id":"http:\/\/menalo.com.tr\/en\/#website","url":"http:\/\/menalo.com.tr\/en\/","name":"Menalo Otel","description":"Istanbul Airport Hotel","publisher":{"@id":"http:\/\/menalo.com.tr\/en\/#organization"},"potentialAction":[{"@type":"SearchAction","target":{"@type":"EntryPoint","urlTemplate":"http:\/\/menalo.com.tr\/en\/?s={search_term_string}"},"query-input":{"@type":"PropertyValueSpecification","valueRequired":true,"valueName":"search_term_string"}}],"inLanguage":"en-US"},{"@type":"Organization","@id":"http:\/\/menalo.com.tr\/en\/#organization","name":"L\u00fcks Konaklama","url":"http:\/\/menalo.com.tr\/en\/","logo":{"@type":"ImageObject","inLanguage":"en-US","@id":"http:\/\/menalo.com.tr\/en\/#\/schema\/logo\/image\/","url":"http:\/\/menalo.com.tr\/wp-content\/uploads\/2024\/06\/menalo-istanbul-havalimani-transfer-oteli.jpg","contentUrl":"http:\/\/menalo.com.tr\/wp-content\/uploads\/2024\/06\/menalo-istanbul-havalimani-transfer-oteli.jpg","width":156,"height":156,"caption":"L\u00fcks Konaklama"},"image":{"@id":"http:\/\/menalo.com.tr\/en\/#\/schema\/logo\/image\/"},"sameAs":["https:\/\/www.facebook.com\/people\/Menalo-Hotel-Premium\/","https:\/\/www.instagram.com\/menalo.hotels\/"]}]}},"_links":{"self":[{"href":"http:\/\/menalo.com.tr\/en\/wp-json\/wp\/v2\/pages\/4922","targetHints":{"allow":["GET"]}}],"collection":[{"href":"http:\/\/menalo.com.tr\/en\/wp-json\/wp\/v2\/pages"}],"about":[{"href":"http:\/\/menalo.com.tr\/en\/wp-json\/wp\/v2\/types\/page"}],"author":[{"embeddable":true,"href":"http:\/\/menalo.com.tr\/en\/wp-json\/wp\/v2\/users\/1"}],"replies":[{"embeddable":true,"href":"http:\/\/menalo.com.tr\/en\/wp-json\/wp\/v2\/comments?post=4922"}],"version-history":[{"count":13,"href":"http:\/\/menalo.com.tr\/en\/wp-json\/wp\/v2\/pages\/4922\/revisions"}],"predecessor-version":[{"id":4987,"href":"http:\/\/menalo.com.tr\/en\/wp-json\/wp\/v2\/pages\/4922\/revisions\/4987"}],"wp:attachment":[{"href":"http:\/\/menalo.com.tr\/en\/wp-json\/wp\/v2\/media?parent=4922"}],"curies":[{"name":"wp","href":"https:\/\/api.w.org\/{rel}","templated":true}]}}