{"id":4921,"date":"2024-12-22T15:08:58","date_gmt":"2024-12-22T12:08:58","guid":{"rendered":"https:\/\/menalo.com.tr\/?post_type=product&#038;p=4921"},"modified":"2025-06-30T22:04:21","modified_gmt":"2025-06-30T19:04:21","slug":"superior-room-1","status":"publish","type":"product","link":"http:\/\/menalo.com.tr\/en\/product\/superior-room-1\/","title":{"rendered":"Superior Room"},"content":{"rendered":"<p><span style=\"vertical-align: inherit;\"><span style=\"vertical-align: inherit;\">Muhte\u015fem bah\u00e7e manzaras\u0131na sahip 30 m\u00b2 b\u00fcy\u00fckl\u00fc\u011f\u00fcndeki bu odada 1 adet \u00e7ift ki\u015filik b\u00fcy\u00fck yatak ve yan yana 2 adet tek ki\u015filik yatak bulunmaktad\u0131r.<\/span><\/span><\/p>\n<p><span style=\"vertical-align: inherit;\"><span style=\"vertical-align: inherit;\">Do\u011fal tekstil \u00fcr\u00fcnlerinden yap\u0131lm\u0131\u015f konforlu yatak ve yast\u0131klar, Merkezi kontroll\u00fc klima, y\u00fcksek kalitede izleme keyfi sunan Full HD 32&#8242; LED TV, parke zemin, du\u015f.<\/span><\/span><\/p>\n<p><span style=\"vertical-align: inherit;\"><span style=\"vertical-align: inherit;\">WC, sa\u00e7 kurutma makinesi, do\u011fal tekstil \u00fcr\u00fcnlerinden yap\u0131lm\u0131\u015f havlular, terlik ve banyo malzemeleri, \u00fccretsiz \u00e7ay ve kahve seti, diz\u00fcst\u00fc bilgisayar boyutunda \u015fifreli kasa, telefon, \u00fccretsiz kablosuz y\u00fcksek h\u0131zl\u0131 internet, USB duvar prizi.<\/span><\/span><\/p>","protected":false},"excerpt":{"rendered":"<p>Muhte\u015fem bah\u00e7e manzaras\u0131na sahip 30 m\u00b2 b\u00fcy\u00fckl\u00fc\u011f\u00fcndeki bu odada 1 adet \u00e7ift ki\u015filik b\u00fcy\u00fck yatak ve yan yana 2 adet tek ki\u015filik yatak bulunmaktad\u0131r. Do\u011fal tekstil \u00fcr\u00fcnlerinden yap\u0131lm\u0131\u015f konforlu yatak ve yast\u0131klar, Merkezi kontroll\u00fc klima, y\u00fcksek kalitede izleme keyfi sunan Full HD 32&#8242; LED TV, parke zemin, du\u015f. WC, sa\u00e7 kurutma makinesi, do\u011fal tekstil \u00fcr\u00fcnlerinden [&hellip;]<\/p>","protected":false},"featured_media":4614,"comment_status":"open","ping_status":"closed","template":"","meta":{"inline_featured_image":false},"product_brand":[],"product_cat":[67],"product_tag":[],"class_list":{"0":"post-4921","1":"product","2":"type-product","3":"status-publish","4":"has-post-thumbnail","6":"product_cat-uncategorized-en","8":"first","9":"instock","10":"featured","11":"shipping-taxable","12":"product-type-ovabrw_car_rental"},"yoast_head":"<!-- This site is optimized with the Yoast SEO plugin v26.2 - https:\/\/yoast.com\/wordpress\/plugins\/seo\/ -->\n<title>Superior Room - Menalo Otel<\/title>\n<meta name=\"robots\" content=\"index, follow, max-snippet:-1, max-image-preview:large, max-video-preview:-1\" \/>\n<link rel=\"canonical\" href=\"http:\/\/menalo.com.tr\/en\/product\/superior-room-1\/\" \/>\n<meta property=\"og:locale\" content=\"en_US\" \/>\n<meta property=\"og:type\" content=\"article\" \/>\n<meta property=\"og:title\" content=\"Superior Room - Menalo Otel\" \/>\n<meta property=\"og:description\" content=\"Muhte\u015fem bah\u00e7e manzaras\u0131na sahip 30 m\u00b2 b\u00fcy\u00fckl\u00fc\u011f\u00fcndeki bu odada 1 adet \u00e7ift ki\u015filik b\u00fcy\u00fck yatak ve yan yana 2 adet tek ki\u015filik yatak bulunmaktad\u0131r. Do\u011fal tekstil \u00fcr\u00fcnlerinden yap\u0131lm\u0131\u015f konforlu yatak ve yast\u0131klar, Merkezi kontroll\u00fc klima, y\u00fcksek kalitede izleme keyfi sunan Full HD 32&#8242; LED TV, parke zemin, du\u015f. WC, sa\u00e7 kurutma makinesi, do\u011fal tekstil \u00fcr\u00fcnlerinden [&hellip;]\" \/>\n<meta property=\"og:url\" content=\"http:\/\/menalo.com.tr\/en\/product\/superior-room-1\/\" \/>\n<meta property=\"og:site_name\" content=\"Menalo Otel\" \/>\n<meta property=\"article:publisher\" content=\"https:\/\/www.facebook.com\/people\/Menalo-Hotel-Premium\/\" \/>\n<meta property=\"article:modified_time\" content=\"2025-06-30T19:04:21+00:00\" \/>\n<meta property=\"og:image\" content=\"https:\/\/menalo.com.tr\/wp-content\/uploads\/2023\/08\/oda-17.png\" \/>\n\t<meta property=\"og:image:width\" content=\"1200\" \/>\n\t<meta property=\"og:image:height\" content=\"571\" \/>\n\t<meta property=\"og:image:type\" content=\"image\/png\" \/>\n<meta name=\"twitter:card\" content=\"summary_large_image\" \/>\n<meta name=\"twitter:label1\" content=\"Est. reading time\" \/>\n\t<meta name=\"twitter:data1\" content=\"1 minute\" \/>\n<script type=\"application\/ld+json\" class=\"yoast-schema-graph\">{\"@context\":\"https:\/\/schema.org\",\"@graph\":[{\"@type\":\"WebPage\",\"@id\":\"http:\/\/menalo.com.tr\/en\/product\/superior-room-1\/\",\"url\":\"http:\/\/menalo.com.tr\/en\/product\/superior-room-1\/\",\"name\":\"Superior Room - Menalo Otel\",\"isPartOf\":{\"@id\":\"http:\/\/menalo.com.tr\/en\/#website\"},\"primaryImageOfPage\":{\"@id\":\"http:\/\/menalo.com.tr\/en\/product\/superior-room-1\/#primaryimage\"},\"image\":{\"@id\":\"http:\/\/menalo.com.tr\/en\/product\/superior-room-1\/#primaryimage\"},\"thumbnailUrl\":\"http:\/\/menalo.com.tr\/wp-content\/uploads\/2023\/08\/oda-17.png\",\"datePublished\":\"2024-12-22T12:08:58+00:00\",\"dateModified\":\"2025-06-30T19:04:21+00:00\",\"breadcrumb\":{\"@id\":\"http:\/\/menalo.com.tr\/en\/product\/superior-room-1\/#breadcrumb\"},\"inLanguage\":\"en-US\",\"potentialAction\":[{\"@type\":\"ReadAction\",\"target\":[\"http:\/\/menalo.com.tr\/en\/product\/superior-room-1\/\"]}]},{\"@type\":\"ImageObject\",\"inLanguage\":\"en-US\",\"@id\":\"http:\/\/menalo.com.tr\/en\/product\/superior-room-1\/#primaryimage\",\"url\":\"http:\/\/menalo.com.tr\/wp-content\/uploads\/2023\/08\/oda-17.png\",\"contentUrl\":\"http:\/\/menalo.com.tr\/wp-content\/uploads\/2023\/08\/oda-17.png\",\"width\":1200,\"height\":571},{\"@type\":\"BreadcrumbList\",\"@id\":\"http:\/\/menalo.com.tr\/en\/product\/superior-room-1\/#breadcrumb\",\"itemListElement\":[{\"@type\":\"ListItem\",\"position\":1,\"name\":\"Anasayfa\",\"item\":\"https:\/\/menalo.com.tr\/\"},{\"@type\":\"ListItem\",\"position\":2,\"name\":\"\u00dcr\u00fcnler\",\"item\":\"http:\/\/menalo.com.tr\/en\/shop\/\"},{\"@type\":\"ListItem\",\"position\":3,\"name\":\"Superior Room\"}]},{\"@type\":\"WebSite\",\"@id\":\"http:\/\/menalo.com.tr\/en\/#website\",\"url\":\"http:\/\/menalo.com.tr\/en\/\",\"name\":\"Menalo Otel\",\"description\":\"Istanbul Airport Hotel\",\"publisher\":{\"@id\":\"http:\/\/menalo.com.tr\/en\/#organization\"},\"potentialAction\":[{\"@type\":\"SearchAction\",\"target\":{\"@type\":\"EntryPoint\",\"urlTemplate\":\"http:\/\/menalo.com.tr\/en\/?s={search_term_string}\"},\"query-input\":{\"@type\":\"PropertyValueSpecification\",\"valueRequired\":true,\"valueName\":\"search_term_string\"}}],\"inLanguage\":\"en-US\"},{\"@type\":\"Organization\",\"@id\":\"http:\/\/menalo.com.tr\/en\/#organization\",\"name\":\"L\u00fcks Konaklama\",\"url\":\"http:\/\/menalo.com.tr\/en\/\",\"logo\":{\"@type\":\"ImageObject\",\"inLanguage\":\"en-US\",\"@id\":\"http:\/\/menalo.com.tr\/en\/#\/schema\/logo\/image\/\",\"url\":\"http:\/\/menalo.com.tr\/wp-content\/uploads\/2024\/06\/menalo-istanbul-havalimani-transfer-oteli.jpg\",\"contentUrl\":\"http:\/\/menalo.com.tr\/wp-content\/uploads\/2024\/06\/menalo-istanbul-havalimani-transfer-oteli.jpg\",\"width\":156,\"height\":156,\"caption\":\"L\u00fcks Konaklama\"},\"image\":{\"@id\":\"http:\/\/menalo.com.tr\/en\/#\/schema\/logo\/image\/\"},\"sameAs\":[\"https:\/\/www.facebook.com\/people\/Menalo-Hotel-Premium\/\",\"https:\/\/www.instagram.com\/menalo.hotels\/\"]}]}<\/script>\n<!-- \/ Yoast SEO plugin. -->","yoast_head_json":{"title":"Superior Room - Menalo Otel","robots":{"index":"index","follow":"follow","max-snippet":"max-snippet:-1","max-image-preview":"max-image-preview:large","max-video-preview":"max-video-preview:-1"},"canonical":"http:\/\/menalo.com.tr\/en\/product\/superior-room-1\/","og_locale":"en_US","og_type":"article","og_title":"Superior Room - Menalo Otel","og_description":"Muhte\u015fem bah\u00e7e manzaras\u0131na sahip 30 m\u00b2 b\u00fcy\u00fckl\u00fc\u011f\u00fcndeki bu odada 1 adet \u00e7ift ki\u015filik b\u00fcy\u00fck yatak ve yan yana 2 adet tek ki\u015filik yatak bulunmaktad\u0131r. Do\u011fal tekstil \u00fcr\u00fcnlerinden yap\u0131lm\u0131\u015f konforlu yatak ve yast\u0131klar, Merkezi kontroll\u00fc klima, y\u00fcksek kalitede izleme keyfi sunan Full HD 32&#8242; LED TV, parke zemin, du\u015f. WC, sa\u00e7 kurutma makinesi, do\u011fal tekstil \u00fcr\u00fcnlerinden [&hellip;]","og_url":"http:\/\/menalo.com.tr\/en\/product\/superior-room-1\/","og_site_name":"Menalo Otel","article_publisher":"https:\/\/www.facebook.com\/people\/Menalo-Hotel-Premium\/","article_modified_time":"2025-06-30T19:04:21+00:00","og_image":[{"width":1200,"height":571,"url":"https:\/\/menalo.com.tr\/wp-content\/uploads\/2023\/08\/oda-17.png","type":"image\/png"}],"twitter_card":"summary_large_image","twitter_misc":{"Est. reading time":"1 minute"},"schema":{"@context":"https:\/\/schema.org","@graph":[{"@type":"WebPage","@id":"http:\/\/menalo.com.tr\/en\/product\/superior-room-1\/","url":"http:\/\/menalo.com.tr\/en\/product\/superior-room-1\/","name":"Superior Room - Menalo Otel","isPartOf":{"@id":"http:\/\/menalo.com.tr\/en\/#website"},"primaryImageOfPage":{"@id":"http:\/\/menalo.com.tr\/en\/product\/superior-room-1\/#primaryimage"},"image":{"@id":"http:\/\/menalo.com.tr\/en\/product\/superior-room-1\/#primaryimage"},"thumbnailUrl":"http:\/\/menalo.com.tr\/wp-content\/uploads\/2023\/08\/oda-17.png","datePublished":"2024-12-22T12:08:58+00:00","dateModified":"2025-06-30T19:04:21+00:00","breadcrumb":{"@id":"http:\/\/menalo.com.tr\/en\/product\/superior-room-1\/#breadcrumb"},"inLanguage":"en-US","potentialAction":[{"@type":"ReadAction","target":["http:\/\/menalo.com.tr\/en\/product\/superior-room-1\/"]}]},{"@type":"ImageObject","inLanguage":"en-US","@id":"http:\/\/menalo.com.tr\/en\/product\/superior-room-1\/#primaryimage","url":"http:\/\/menalo.com.tr\/wp-content\/uploads\/2023\/08\/oda-17.png","contentUrl":"http:\/\/menalo.com.tr\/wp-content\/uploads\/2023\/08\/oda-17.png","width":1200,"height":571},{"@type":"BreadcrumbList","@id":"http:\/\/menalo.com.tr\/en\/product\/superior-room-1\/#breadcrumb","itemListElement":[{"@type":"ListItem","position":1,"name":"Anasayfa","item":"https:\/\/menalo.com.tr\/"},{"@type":"ListItem","position":2,"name":"\u00dcr\u00fcnler","item":"http:\/\/menalo.com.tr\/en\/shop\/"},{"@type":"ListItem","position":3,"name":"Superior Room"}]},{"@type":"WebSite","@id":"http:\/\/menalo.com.tr\/en\/#website","url":"http:\/\/menalo.com.tr\/en\/","name":"Menalo Otel","description":"Istanbul Airport Hotel","publisher":{"@id":"http:\/\/menalo.com.tr\/en\/#organization"},"potentialAction":[{"@type":"SearchAction","target":{"@type":"EntryPoint","urlTemplate":"http:\/\/menalo.com.tr\/en\/?s={search_term_string}"},"query-input":{"@type":"PropertyValueSpecification","valueRequired":true,"valueName":"search_term_string"}}],"inLanguage":"en-US"},{"@type":"Organization","@id":"http:\/\/menalo.com.tr\/en\/#organization","name":"L\u00fcks Konaklama","url":"http:\/\/menalo.com.tr\/en\/","logo":{"@type":"ImageObject","inLanguage":"en-US","@id":"http:\/\/menalo.com.tr\/en\/#\/schema\/logo\/image\/","url":"http:\/\/menalo.com.tr\/wp-content\/uploads\/2024\/06\/menalo-istanbul-havalimani-transfer-oteli.jpg","contentUrl":"http:\/\/menalo.com.tr\/wp-content\/uploads\/2024\/06\/menalo-istanbul-havalimani-transfer-oteli.jpg","width":156,"height":156,"caption":"L\u00fcks Konaklama"},"image":{"@id":"http:\/\/menalo.com.tr\/en\/#\/schema\/logo\/image\/"},"sameAs":["https:\/\/www.facebook.com\/people\/Menalo-Hotel-Premium\/","https:\/\/www.instagram.com\/menalo.hotels\/"]}]}},"_links":{"self":[{"href":"http:\/\/menalo.com.tr\/en\/wp-json\/wp\/v2\/product\/4921","targetHints":{"allow":["GET"]}}],"collection":[{"href":"http:\/\/menalo.com.tr\/en\/wp-json\/wp\/v2\/product"}],"about":[{"href":"http:\/\/menalo.com.tr\/en\/wp-json\/wp\/v2\/types\/product"}],"replies":[{"embeddable":true,"href":"http:\/\/menalo.com.tr\/en\/wp-json\/wp\/v2\/comments?post=4921"}],"wp:featuredmedia":[{"embeddable":true,"href":"http:\/\/menalo.com.tr\/en\/wp-json\/wp\/v2\/media\/4614"}],"wp:attachment":[{"href":"http:\/\/menalo.com.tr\/en\/wp-json\/wp\/v2\/media?parent=4921"}],"wp:term":[{"taxonomy":"product_brand","embeddable":true,"href":"http:\/\/menalo.com.tr\/en\/wp-json\/wp\/v2\/product_brand?post=4921"},{"taxonomy":"product_cat","embeddable":true,"href":"http:\/\/menalo.com.tr\/en\/wp-json\/wp\/v2\/product_cat?post=4921"},{"taxonomy":"product_tag","embeddable":true,"href":"http:\/\/menalo.com.tr\/en\/wp-json\/wp\/v2\/product_tag?post=4921"}],"curies":[{"name":"wp","href":"https:\/\/api.w.org\/{rel}","templated":true}]}}