{"id":5020,"date":"2024-12-22T17:58:23","date_gmt":"2024-12-22T14:58:23","guid":{"rendered":"https:\/\/menalo.com.tr\/?page_id=5020"},"modified":"2024-12-22T18:01:00","modified_gmt":"2024-12-22T15:01:00","slug":"contact-us","status":"publish","type":"page","link":"https:\/\/menalo.com.tr\/en\/contact-us\/","title":{"rendered":"Contact Us"},"content":{"rendered":"<div data-elementor-type=\"wp-page\" data-elementor-id=\"5020\" class=\"elementor elementor-5020\">\n\t\t\t\t<div class=\"elementor-element elementor-element-33ca773 e-flex e-con-boxed e-con e-parent\" data-id=\"33ca773\" data-element_type=\"container\">\n\t\t\t\t\t<div class=\"e-con-inner\">\n\t\t\t\t\t<\/div>\n\t\t\t\t<\/div>\n\t\t\t\t<section class=\"elementor-section elementor-top-section elementor-element elementor-element-0e879f0 elementor-section-boxed elementor-section-height-default elementor-section-height-default\" data-id=\"0e879f0\" data-element_type=\"section\">\n\t\t\t\t\t\t<div class=\"elementor-container elementor-column-gap-default\">\n\t\t\t\t\t<div class=\"elementor-column elementor-col-50 elementor-top-column elementor-element elementor-element-e135565\" data-id=\"e135565\" data-element_type=\"column\">\n\t\t\t<div class=\"elementor-widget-wrap elementor-element-populated\">\n\t\t\t\t\t\t<div class=\"elementor-element elementor-element-5bff294 elementor-widget elementor-widget-qomfort_elementor_heading\" data-id=\"5bff294\" data-element_type=\"widget\" data-widget_type=\"qomfort_elementor_heading.default\">\n\t\t\t\t<div class=\"elementor-widget-container\">\n\t\t\t\t\t\n\t\t<div class=\"ova-heading\">\n\t\t\t\t\t\t\t<p class=\"subtitle\">Contact<\/p>\n\t\t\t\t\t\t\n\t\t\t\t\t\t\t\t\t<h2 class=\"title\">Menalo Hotel Premium\nIstanbul Airport<\/h2>\n\t\t\t\t\n\t\t\t\t\t\t\t\t<\/div>\n\n\t\t\t\t\t\t<\/div>\n\t\t\t\t<\/div>\n\t\t\t\t<div class=\"elementor-element elementor-element-96c8cd1 ova-tabs elementor-tabs-view-horizontal elementor-widget elementor-widget-tabs\" data-id=\"96c8cd1\" data-element_type=\"widget\" data-widget_type=\"tabs.default\">\n\t\t\t\t<div class=\"elementor-widget-container\">\n\t\t\t\t\t        <div class=\"elementor-tabs\">\n            <div class=\"elementor-tabs-wrapper\" role=\"tablist\" >\n                                    <div id=\"elementor-tab-title-1581\" class=\"elementor-tab-title elementor-tab-desktop-title\" aria-selected=\"true\" data-tab=\"1\" role=\"tab\" tabindex=\"0\" aria-controls=\"elementor-tab-content-1581\" aria-expanded=\"false\"><a href=\"#\">Arnavutk\u00f6y<\/a><\/div>\n                            <\/div>\n            <div class=\"elementor-tabs-content-wrapper\" role=\"tablist\" aria-orientation=\"vertical\">\n                                    <div class=\"elementor-tab-title elementor-tab-mobile-title\" aria-selected=\"true\" data-tab=\"1\" role=\"tab\" tabindex=\"0\" aria-controls=\"elementor-tab-content-1581\" aria-expanded=\"false\">Arnavutk\u00f6y<\/div>\n                    <div id=\"elementor-tab-content-1581\" class=\"elementor-tab-content elementor-clearfix\" data-tab=\"1\" role=\"tabpanel\" aria-labelledby=\"elementor-tab-title-1581\" tabindex=\"0\" hidden=\"false\"><p>Fatih Neighborhood, Dr. Hilmi Demirci Street No. 32<br \/>Ta\u015foluk \u2013 Arnavutk\u00f6y | Istanbul | Turkey<\/p><p>Tel:\u00a0<a href=\"tel:+90 535 930 10 91\">+90 535 930 10 91<\/a><br \/>E-mail: <a href=\"mailto:info@menalo.com.tr\">info@menalo.com.tr<\/a><\/p><\/div>\n                            <\/div>\n        <\/div>\n        \t\t\t\t<\/div>\n\t\t\t\t<\/div>\n\t\t\t\t\t<\/div>\n\t\t<\/div>\n\t\t\t\t<div class=\"elementor-column elementor-col-50 elementor-top-column elementor-element elementor-element-d9bf352\" data-id=\"d9bf352\" data-element_type=\"column\">\n\t\t\t<div class=\"elementor-widget-wrap elementor-element-populated\">\n\t\t\t\t\t\t<section class=\"elementor-section elementor-inner-section elementor-element elementor-element-445713b elementor-section-full_width elementor-section-height-default elementor-section-height-default\" data-id=\"445713b\" data-element_type=\"section\" data-settings=\"{&quot;background_background&quot;:&quot;classic&quot;}\">\n\t\t\t\t\t\t<div class=\"elementor-container elementor-column-gap-no\">\n\t\t\t\t\t<div class=\"elementor-column elementor-col-100 elementor-inner-column elementor-element elementor-element-84e3542\" data-id=\"84e3542\" data-element_type=\"column\">\n\t\t\t<div class=\"elementor-widget-wrap elementor-element-populated\">\n\t\t\t\t\t\t<div class=\"elementor-element elementor-element-abb584f elementor-widget elementor-widget-qomfort_elementor_heading\" data-id=\"abb584f\" data-element_type=\"widget\" data-widget_type=\"qomfort_elementor_heading.default\">\n\t\t\t\t<div class=\"elementor-widget-container\">\n\t\t\t\t\t\n\t\t<div class=\"ova-heading\">\n\t\t\t\t\t\t\n\t\t\t\t\t\t\t\t\t<h2 class=\"title\">Share Your Feedback<\/h2>\n\t\t\t\t\n\t\t\t\t\t\t\t\t\t\t<p class=\"desc\">Please share your experiences and suggestions about Menalo Hotel Premium with us.<\/p>\n\t\t\t\t\t<\/div>\n\n\t\t\t\t\t\t<\/div>\n\t\t\t\t<\/div>\n\t\t\t\t<div class=\"elementor-element elementor-element-2e41a6f elementor-widget elementor-widget-shortcode\" data-id=\"2e41a6f\" data-element_type=\"widget\" data-widget_type=\"shortcode.default\">\n\t\t\t\t<div class=\"elementor-widget-container\">\n\t\t\t\t\t\t\t<div class=\"elementor-shortcode\">\n<div class=\"wpcf7 no-js\" id=\"wpcf7-f6-o1\" lang=\"tr-TR\" dir=\"ltr\" data-wpcf7-id=\"6\">\n<div class=\"screen-reader-response\"><p role=\"status\" aria-live=\"polite\" aria-atomic=\"true\"><\/p> <ul><\/ul><\/div>\n<form action=\"\/en\/wp-json\/wp\/v2\/pages\/5020#wpcf7-f6-o1\" method=\"post\" class=\"wpcf7-form init\" aria-label=\"\u0130leti\u015fim Formu\" novalidate=\"novalidate\" data-status=\"init\" data-trp-original-action=\"\/en\/wp-json\/wp\/v2\/pages\/5020#wpcf7-f6-o1\">\n<fieldset class=\"hidden-fields-container\"><input type=\"hidden\" name=\"_wpcf7\" value=\"6\" \/><input type=\"hidden\" name=\"_wpcf7_version\" value=\"6.1.2\" \/><input type=\"hidden\" name=\"_wpcf7_locale\" value=\"tr_TR\" \/><input type=\"hidden\" name=\"_wpcf7_unit_tag\" value=\"wpcf7-f6-o1\" \/><input type=\"hidden\" name=\"_wpcf7_container_post\" value=\"0\" \/><input type=\"hidden\" name=\"_wpcf7_posted_data_hash\" value=\"\" \/>\n<\/fieldset>\n<p><label> Your name<br \/>\n<span class=\"wpcf7-form-control-wrap\" data-name=\"your-name\"><input size=\"40\" maxlength=\"400\" class=\"wpcf7-form-control wpcf7-text wpcf7-validates-as-required\" autocomplete=\"name\" aria-required=\"true\" aria-invalid=\"false\" value=\"\" type=\"text\" name=\"your-name\" \/><\/span> <\/label>\n<\/p>\n<p><label> Your email<br \/>\n<span class=\"wpcf7-form-control-wrap\" data-name=\"your-email\"><input size=\"40\" maxlength=\"400\" class=\"wpcf7-form-control wpcf7-email wpcf7-validates-as-required wpcf7-text wpcf7-validates-as-email\" autocomplete=\"email\" aria-required=\"true\" aria-invalid=\"false\" value=\"\" type=\"email\" name=\"your-email\" \/><\/span> <\/label>\n<\/p>\n<p><label> Subject<br \/>\n<span class=\"wpcf7-form-control-wrap\" data-name=\"your-subject\"><input size=\"40\" maxlength=\"400\" class=\"wpcf7-form-control wpcf7-text wpcf7-validates-as-required\" aria-required=\"true\" aria-invalid=\"false\" value=\"\" type=\"text\" name=\"your-subject\" \/><\/span> <\/label>\n<\/p>\n<p><label> Your message (optional)<br \/>\n<span class=\"wpcf7-form-control-wrap\" data-name=\"your-message\"><textarea cols=\"40\" rows=\"10\" maxlength=\"2000\" class=\"wpcf7-form-control wpcf7-textarea\" aria-invalid=\"false\" name=\"your-message\"><\/textarea><\/span> <\/label>\n<\/p>\n<p><input class=\"wpcf7-form-control wpcf7-submit has-spinner\" type=\"submit\" value=\"Submit\" \/>\n<\/p><div class=\"wpcf7-response-output\" aria-hidden=\"true\"><\/div>\n<input type=\"hidden\" name=\"trp-form-language\" value=\"en\"\/><\/form>\n<\/div>\n<\/div>\n\t\t\t\t\t\t<\/div>\n\t\t\t\t<\/div>\n\t\t\t\t\t<\/div>\n\t\t<\/div>\n\t\t\t\t\t<\/div>\n\t\t<\/section>\n\t\t\t\t\t<\/div>\n\t\t<\/div>\n\t\t\t\t\t<\/div>\n\t\t<\/section>\n\t\t\t\t<section class=\"elementor-section elementor-top-section elementor-element elementor-element-cb81a8f elementor-section-boxed elementor-section-height-default elementor-section-height-default\" data-id=\"cb81a8f\" data-element_type=\"section\">\n\t\t\t\t\t\t<div class=\"elementor-container elementor-column-gap-no\">\n\t\t\t\t\t<div class=\"elementor-column elementor-col-100 elementor-top-column elementor-element elementor-element-4b041dd\" data-id=\"4b041dd\" data-element_type=\"column\">\n\t\t\t<div class=\"elementor-widget-wrap elementor-element-populated\">\n\t\t\t\t\t\t<div class=\"elementor-element elementor-element-a28a167 elementor-widget elementor-widget-google_maps\" data-id=\"a28a167\" data-element_type=\"widget\" data-widget_type=\"google_maps.default\">\n\t\t\t\t<div class=\"elementor-widget-container\">\n\t\t\t\t\t\t\t<div class=\"elementor-custom-embed\">\n\t\t\t<iframe loading=\"lazy\"\n\t\t\t\t\tsrc=\"https:\/\/maps.google.com\/maps?q=Menalo%20Hotel&#038;t=m&#038;z=15&#038;output=embed&#038;iwloc=near\"\n\t\t\t\t\ttitle=\"Menalo Hotel\"\n\t\t\t\t\taria-label=\"Menalo Hotel\"\n\t\t\t><\/iframe>\n\t\t<\/div>\n\t\t\t\t\t\t<\/div>\n\t\t\t\t<\/div>\n\t\t\t\t\t<\/div>\n\t\t<\/div>\n\t\t\t\t\t<\/div>\n\t\t<\/section>\n\t\t\t\t<\/div>","protected":false},"excerpt":{"rendered":"<p>Contact Menalo Hotel Premium Istanbul Airport Arnavutk\u00f6y Arnavutk\u00f6y Fatih Neighborhood, Dr. Hilmi Demirci Street No. 32Ta\u015foluk \u2013 Arnavutk\u00f6y | Istanbul | Turkey Tel:\u00a0+90 535 930 10 91E-mail: info@menalo.com.tr Share Your Feedback Please share your experiences and suggestions about Menalo Hotel Premium with us.<\/p>","protected":false},"author":1,"featured_media":0,"parent":0,"menu_order":0,"comment_status":"closed","ping_status":"closed","template":"elementor_header_footer","meta":{"inline_featured_image":false,"footnotes":""},"class_list":["post-5020","page","type-page","status-publish","hentry"],"yoast_head":"<!-- This site is optimized with the Yoast SEO plugin v26.2 - https:\/\/yoast.com\/wordpress\/plugins\/seo\/ -->\n<title>Contact Us - Menalo Otel<\/title>\n<meta name=\"robots\" content=\"index, follow, max-snippet:-1, max-image-preview:large, max-video-preview:-1\" \/>\n<link rel=\"canonical\" href=\"https:\/\/menalo.com.tr\/en\/contact-us\/\" \/>\n<meta property=\"og:locale\" content=\"en_US\" \/>\n<meta property=\"og:type\" content=\"article\" \/>\n<meta property=\"og:title\" content=\"Contact Us - Menalo Otel\" \/>\n<meta property=\"og:description\" content=\"Contact Menalo Hotel Premium Istanbul Airport Arnavutk\u00f6y Arnavutk\u00f6y Fatih Neighborhood, Dr. Hilmi Demirci Street No. 32Ta\u015foluk \u2013 Arnavutk\u00f6y | Istanbul | Turkey Tel:\u00a0+90 535 930 10 91E-mail: info@menalo.com.tr Share Your Feedback Please share your experiences and suggestions about Menalo Hotel Premium with us.\" \/>\n<meta property=\"og:url\" content=\"https:\/\/menalo.com.tr\/en\/contact-us\/\" \/>\n<meta property=\"og:site_name\" content=\"Menalo Otel\" \/>\n<meta property=\"article:publisher\" content=\"https:\/\/www.facebook.com\/people\/Menalo-Hotel-Premium\/\" \/>\n<meta property=\"article:modified_time\" content=\"2024-12-22T15:01:00+00:00\" \/>\n<meta name=\"twitter:card\" content=\"summary_large_image\" \/>\n<meta name=\"twitter:label1\" content=\"Est. reading time\" \/>\n\t<meta name=\"twitter:data1\" content=\"1 minute\" \/>\n<script type=\"application\/ld+json\" class=\"yoast-schema-graph\">{\"@context\":\"https:\/\/schema.org\",\"@graph\":[{\"@type\":\"WebPage\",\"@id\":\"https:\/\/menalo.com.tr\/en\/contact-us\/\",\"url\":\"https:\/\/menalo.com.tr\/en\/contact-us\/\",\"name\":\"Contact Us - Menalo Otel\",\"isPartOf\":{\"@id\":\"https:\/\/menalo.com.tr\/en\/#website\"},\"datePublished\":\"2024-12-22T14:58:23+00:00\",\"dateModified\":\"2024-12-22T15:01:00+00:00\",\"breadcrumb\":{\"@id\":\"https:\/\/menalo.com.tr\/en\/contact-us\/#breadcrumb\"},\"inLanguage\":\"en-US\",\"potentialAction\":[{\"@type\":\"ReadAction\",\"target\":[\"https:\/\/menalo.com.tr\/en\/contact-us\/\"]}]},{\"@type\":\"BreadcrumbList\",\"@id\":\"https:\/\/menalo.com.tr\/en\/contact-us\/#breadcrumb\",\"itemListElement\":[{\"@type\":\"ListItem\",\"position\":1,\"name\":\"Anasayfa\",\"item\":\"https:\/\/menalo.com.tr\/\"},{\"@type\":\"ListItem\",\"position\":2,\"name\":\"Contact Us\"}]},{\"@type\":\"WebSite\",\"@id\":\"https:\/\/menalo.com.tr\/en\/#website\",\"url\":\"https:\/\/menalo.com.tr\/en\/\",\"name\":\"Menalo Otel\",\"description\":\"\u0130stanbul Havaliman\u0131 Oteli\",\"publisher\":{\"@id\":\"https:\/\/menalo.com.tr\/en\/#organization\"},\"potentialAction\":[{\"@type\":\"SearchAction\",\"target\":{\"@type\":\"EntryPoint\",\"urlTemplate\":\"https:\/\/menalo.com.tr\/en\/?s={search_term_string}\"},\"query-input\":{\"@type\":\"PropertyValueSpecification\",\"valueRequired\":true,\"valueName\":\"search_term_string\"}}],\"inLanguage\":\"en-US\"},{\"@type\":\"Organization\",\"@id\":\"https:\/\/menalo.com.tr\/en\/#organization\",\"name\":\"L\u00fcks Konaklama\",\"url\":\"https:\/\/menalo.com.tr\/en\/\",\"logo\":{\"@type\":\"ImageObject\",\"inLanguage\":\"en-US\",\"@id\":\"https:\/\/menalo.com.tr\/en\/#\/schema\/logo\/image\/\",\"url\":\"http:\/\/menalo.com.tr\/wp-content\/uploads\/2024\/06\/menalo-istanbul-havalimani-transfer-oteli.jpg\",\"contentUrl\":\"http:\/\/menalo.com.tr\/wp-content\/uploads\/2024\/06\/menalo-istanbul-havalimani-transfer-oteli.jpg\",\"width\":156,\"height\":156,\"caption\":\"L\u00fcks Konaklama\"},\"image\":{\"@id\":\"https:\/\/menalo.com.tr\/en\/#\/schema\/logo\/image\/\"},\"sameAs\":[\"https:\/\/www.facebook.com\/people\/Menalo-Hotel-Premium\/\",\"https:\/\/www.instagram.com\/menalo.hotels\/\"]}]}<\/script>\n<!-- \/ Yoast SEO plugin. -->","yoast_head_json":{"title":"Contact Us - Menalo Otel","robots":{"index":"index","follow":"follow","max-snippet":"max-snippet:-1","max-image-preview":"max-image-preview:large","max-video-preview":"max-video-preview:-1"},"canonical":"https:\/\/menalo.com.tr\/en\/contact-us\/","og_locale":"en_US","og_type":"article","og_title":"Contact Us - Menalo Otel","og_description":"Contact Menalo Hotel Premium Istanbul Airport Arnavutk\u00f6y Arnavutk\u00f6y Fatih Neighborhood, Dr. Hilmi Demirci Street No. 32Ta\u015foluk \u2013 Arnavutk\u00f6y | Istanbul | Turkey Tel:\u00a0+90 535 930 10 91E-mail: info@menalo.com.tr Share Your Feedback Please share your experiences and suggestions about Menalo Hotel Premium with us.","og_url":"https:\/\/menalo.com.tr\/en\/contact-us\/","og_site_name":"Menalo Otel","article_publisher":"https:\/\/www.facebook.com\/people\/Menalo-Hotel-Premium\/","article_modified_time":"2024-12-22T15:01:00+00:00","twitter_card":"summary_large_image","twitter_misc":{"Est. reading time":"1 minute"},"schema":{"@context":"https:\/\/schema.org","@graph":[{"@type":"WebPage","@id":"https:\/\/menalo.com.tr\/en\/contact-us\/","url":"https:\/\/menalo.com.tr\/en\/contact-us\/","name":"Contact Us - Menalo Otel","isPartOf":{"@id":"https:\/\/menalo.com.tr\/en\/#website"},"datePublished":"2024-12-22T14:58:23+00:00","dateModified":"2024-12-22T15:01:00+00:00","breadcrumb":{"@id":"https:\/\/menalo.com.tr\/en\/contact-us\/#breadcrumb"},"inLanguage":"en-US","potentialAction":[{"@type":"ReadAction","target":["https:\/\/menalo.com.tr\/en\/contact-us\/"]}]},{"@type":"BreadcrumbList","@id":"https:\/\/menalo.com.tr\/en\/contact-us\/#breadcrumb","itemListElement":[{"@type":"ListItem","position":1,"name":"Anasayfa","item":"https:\/\/menalo.com.tr\/"},{"@type":"ListItem","position":2,"name":"Contact Us"}]},{"@type":"WebSite","@id":"https:\/\/menalo.com.tr\/en\/#website","url":"https:\/\/menalo.com.tr\/en\/","name":"Menalo Otel","description":"\u0130stanbul Havaliman\u0131 Oteli","publisher":{"@id":"https:\/\/menalo.com.tr\/en\/#organization"},"potentialAction":[{"@type":"SearchAction","target":{"@type":"EntryPoint","urlTemplate":"https:\/\/menalo.com.tr\/en\/?s={search_term_string}"},"query-input":{"@type":"PropertyValueSpecification","valueRequired":true,"valueName":"search_term_string"}}],"inLanguage":"en-US"},{"@type":"Organization","@id":"https:\/\/menalo.com.tr\/en\/#organization","name":"L\u00fcks Konaklama","url":"https:\/\/menalo.com.tr\/en\/","logo":{"@type":"ImageObject","inLanguage":"en-US","@id":"https:\/\/menalo.com.tr\/en\/#\/schema\/logo\/image\/","url":"http:\/\/menalo.com.tr\/wp-content\/uploads\/2024\/06\/menalo-istanbul-havalimani-transfer-oteli.jpg","contentUrl":"http:\/\/menalo.com.tr\/wp-content\/uploads\/2024\/06\/menalo-istanbul-havalimani-transfer-oteli.jpg","width":156,"height":156,"caption":"L\u00fcks Konaklama"},"image":{"@id":"https:\/\/menalo.com.tr\/en\/#\/schema\/logo\/image\/"},"sameAs":["https:\/\/www.facebook.com\/people\/Menalo-Hotel-Premium\/","https:\/\/www.instagram.com\/menalo.hotels\/"]}]}},"_links":{"self":[{"href":"https:\/\/menalo.com.tr\/en\/wp-json\/wp\/v2\/pages\/5020","targetHints":{"allow":["GET"]}}],"collection":[{"href":"https:\/\/menalo.com.tr\/en\/wp-json\/wp\/v2\/pages"}],"about":[{"href":"https:\/\/menalo.com.tr\/en\/wp-json\/wp\/v2\/types\/page"}],"author":[{"embeddable":true,"href":"https:\/\/menalo.com.tr\/en\/wp-json\/wp\/v2\/users\/1"}],"replies":[{"embeddable":true,"href":"https:\/\/menalo.com.tr\/en\/wp-json\/wp\/v2\/comments?post=5020"}],"version-history":[{"count":4,"href":"https:\/\/menalo.com.tr\/en\/wp-json\/wp\/v2\/pages\/5020\/revisions"}],"predecessor-version":[{"id":5024,"href":"https:\/\/menalo.com.tr\/en\/wp-json\/wp\/v2\/pages\/5020\/revisions\/5024"}],"wp:attachment":[{"href":"https:\/\/menalo.com.tr\/en\/wp-json\/wp\/v2\/media?parent=5020"}],"curies":[{"name":"wp","href":"https:\/\/api.w.org\/{rel}","templated":true}]}}